{"id":4032,"date":"2024-07-19T11:35:16","date_gmt":"2024-07-19T14:35:16","guid":{"rendered":"http:\/\/localhost:8885\/?page_id=4032"},"modified":"2024-09-28T16:22:23","modified_gmt":"2024-09-28T19:22:23","slug":"sobre","status":"publish","type":"page","link":"https:\/\/webpreview.net.br\/barcinski\/sobre\/","title":{"rendered":"Sobre"},"content":{"rendered":"\n<div class=\"container font-serif\" data-component=\"bio\">\n  <div class=\"grid grid-cols-2 md:grid-cols-12 gap-12 my-14\">\n    <div class=\"col-span-2 md:col-span-5\">\n      <img decoding=\"async\" class=\"rounded-full aspect-square object-cover object-top\" src=\"https:\/\/webpreview.net.br\/barcinski\/wp-content\/uploads\/2024\/09\/Imagem-do-WhatsApp-de-2024-09-19-as-14.29.30_a5c97ab9-768x1024.jpg\">\n    <\/div>\n    <div class=\"col-span-2 md:col-span-6 prose prose-p:mt-0 max-w-none\">\n      <h2 class=\"uppercase text-gray font-bold text-xl mb-4 font-sans\">Sobre<\/h2>\n      <p>Andr\u00e9 Barcinski \u00e9 jornalista, roteirista e diretor de TV.<br \/>\nEscreveu nove livros, incluindo \u201cBarulho\u201d (1992), vencedor do pr\u00eamio Jabuti de melhor reportagem.<br \/>\nDirigiu as s\u00e9ries documentais \u201cSullivan e Massadas \u2013 Retratos e Can\u00e7\u00f5es\u201d (2024, Globoplay) e \u201cHist\u00f3ria Secreta do Pop Brasileiro\u201d (2019, Amazon Prime), e escreveu e crious as s\u00e9ries dram\u00e1ticas \u201cO Rei da TV\u201d (2023, Disney +), Not\u00edcias Populares (2024, Canal Brasil) e \u201cHit Parade\u201d (2021, Canal Brasil).<br \/>\nDirigiu o document\u00e1rio \u201cMaldito\u201d (2001), sobre o cineasta Jos\u00e9 Mojica Marins, vencedor do Pr\u00eamio do J\u00fari do Festival de Sundance (EUA) e do Pr\u00eamio do P\u00fablico do Festival \u00c9 Tudo Verdade (S\u00e3o Paulo). O filme foi exibido em cerca de 15 festivais internacionais \u2013 Chicago, Melbourne, Seul, Paris, Buenos Aires e Nova York \u2013 e em TVs de cerca de 20 pa\u00edses.<br \/>\nRoteirizou a s\u00e9rie de TV \u201cZ\u00e9 do Caix\u00e3o\u201d (2015), do canal Space, e dirigiu in\u00fameros programas de TV, como \u201cO Estranho Mundo de Z\u00e9 do Caix\u00e3o\u201d, \u201cEletrogordo\u201d (com Jo\u00e3o Gordo) e \u201cNasi Noite Adentro\u201d, do Canal Brasil. Foi coapresentador do programa de r\u00e1dio \u201cGaragem\u201d, vencedor do Pr\u00eamio APCA (Associa\u00e7\u00e3o Paulista dos Cr\u00edticos de Arte) em 2009.<\/p>\n    <\/div>\n  <\/div>\n  <div class=\"grid grid-cols-2 md:grid-cols-12 max-w-none prose prose-p:mt-0\">\n    <div class=\"col-span-2 md:col-span-12 gap-12 md:columns-2\">\n      <p>Andr\u00e9 Barcinski nasceu em Nova York em 1968.<br \/>\nFormado em Jornalismo pela UFF-RJ, iniciou sua carreira na revista \u201cCi\u00eancia Hoje\u201d, em meados dos anos 80.<br \/>\nAinda nos anos 80, foi rep\u00f3rter de cultura do jornal \u201cTribuna da Imprensa\u201d e fot\u00f3grafo do \u201cJornal do Brasil\u201d. Apresentou v\u00e1rios programas de r\u00e1dio na Fluminense FM, como \u201cCaixa Preta\u201d e \u201cTr\u00eas Acordes\u201d.<br \/>\nMudou-se para S\u00e3o Paulo em 1990 para trabalhar no caderno \u201cIlustrada\u201d da \u201cFolha de S. Paulo\u201d.<br \/>\nFoi editor do caderno \u201cVariedades\u201d do jornal \u201cNot\u00edcias Populares\u201d e assinou uma coluna na revista \u201cTrip\u201d.<br \/>\nEm 1992, junto aos colegas Paulo Cesar Martin, Andr\u00e9 Forastieri e \u00c1lvaro Pereira J\u00fanior, estreou o programa de r\u00e1dio \u201cGaragem\u201d, na Gazeta FM.<br \/>\nNo mesmo ano, mudou-se para Los Angeles, onde foi correspondente do \u201cJornal do Brasil\u201d. Trabalhou em Los Angeles e Nova York por sete anos, cobrindo a ind\u00fastria do entretenimento, primeiro como correspondente do \u201cJornal do Brasil\u201d e, posteriormente, do \u201cJornal da Tarde\u201d.<br \/>\nNesse per\u00edodo, entrevistou nomes famosos do cinema e da m\u00fasica, como Martin Scorsese, Arnold Schwarzenneger, Rolling Stones, U2, Ozzy Osbourne, Kiss, Prince, Oliver Stone, James Cameron, Courtney Love, Celine Dion, Anthony Hopkins, Sharon Stone e muitos outros.<br \/>\nCobriu a Copa do Mundo de 1994 pelo \u201cJornal do Brasil\u201d.<br \/>\nRetornou ao Brasil em 1999. Foi editor do caderno \u201cFolhateen\u201d, da \u201cFolha de S. Paulo\u201d, e editor do site \u201cEl Foco\u201d. Voltou a apresentar o programa de r\u00e1dio \u201cGaragem\u201d, dessa vez na R\u00e1dio Brasil 2000.<br \/>\nEm 2001, deixou de lado o jornalismo para se concentrar na produ\u00e7\u00e3o de eventos musicais. Fundou a produtora Circuito, especializada em m\u00fasica eletr\u00f4nica, e realizou shows de bandas internacionais como Gang of Four, Cardigans, Melvins, The Sisters of Mercy, Mudhoney, New Model Army, Supergrass e muitas outras.<br \/>\nEm 2007, fundou o Clash Club, que rapidamente se tornou refer\u00eancia da m\u00fasica eletr\u00f4nica em S\u00e3o Paulo.<br \/>\nEm 2010, abandonou a produ\u00e7\u00e3o de eventos para se dedicar ao jornalismo e ao trabalho em TV.<br \/>\nEstreou seu caal de Youtube, \u201cBarulho\u201d, em 2024.<br \/>\nNesses quase 30 anos de trabalho em imprensa, assinou textos em ingl\u00eas e publicou fotos em ve\u00edculos internacionais, como as revistas \u201cCreem\u201d, \u201cSpin\u201d, \u201cFangoria\u201d e \u201cCult Movies\u201d, e publicou um cap\u00edtulo sobre Jos\u00e9 Mojica Marins no livro \u201cFear Without Frontiers \u2013 Weird and Wonderful Cinema Across the Globe\u201d (FAB Press, 2003). Colaborou tamb\u00e9m para a vers\u00e3o eletr\u00f4nica da revista brit\u00e2nica \u201cGranta\u201d.<\/p>\n    <\/div>\n  <\/div>\n<\/div>\n\n\n<p><\/p>\n","protected":false},"excerpt":{"rendered":"","protected":false},"author":2,"featured_media":0,"parent":0,"menu_order":0,"comment_status":"closed","ping_status":"closed","template":"","meta":{"_acf_changed":false,"inline_featured_image":false,"footnotes":""},"class_list":["post-4032","page","type-page","status-publish","hentry"],"acf":[],"_links":{"self":[{"href":"https:\/\/webpreview.net.br\/barcinski\/wp-json\/wp\/v2\/pages\/4032","targetHints":{"allow":["GET"]}}],"collection":[{"href":"https:\/\/webpreview.net.br\/barcinski\/wp-json\/wp\/v2\/pages"}],"about":[{"href":"https:\/\/webpreview.net.br\/barcinski\/wp-json\/wp\/v2\/types\/page"}],"author":[{"embeddable":true,"href":"https:\/\/webpreview.net.br\/barcinski\/wp-json\/wp\/v2\/users\/2"}],"replies":[{"embeddable":true,"href":"https:\/\/webpreview.net.br\/barcinski\/wp-json\/wp\/v2\/comments?post=4032"}],"version-history":[{"count":0,"href":"https:\/\/webpreview.net.br\/barcinski\/wp-json\/wp\/v2\/pages\/4032\/revisions"}],"wp:attachment":[{"href":"https:\/\/webpreview.net.br\/barcinski\/wp-json\/wp\/v2\/media?parent=4032"}],"curies":[{"name":"wp","href":"https:\/\/api.w.org\/{rel}","templated":true}]}}